{"id":1338,"date":"2020-12-15T10:57:57","date_gmt":"2020-12-15T13:57:57","guid":{"rendered":"http:\/\/mewor.com.ar\/?page_id=1338"},"modified":"2024-01-15T11:52:56","modified_gmt":"2024-01-15T14:52:56","slug":"ingenieria-mecanica-2","status":"publish","type":"page","link":"https:\/\/mewor.com.ar\/en\/servicios-anterior\/ingenieria-mecanica-2\/","title":{"rendered":"MECHANICAL\/ELECTRIC MANUFACTURING AND ASSEMBLY SUPERVISION"},"content":{"rendered":"<div data-elementor-type=\"wp-page\" data-elementor-id=\"1338\" class=\"elementor elementor-1338\">\n\t\t\t\t\t\t<div class=\"elementor-inner\">\n\t\t\t\t<div class=\"elementor-section-wrap\">\n\t\t\t\t\t\t\t\t\t<section class=\"elementor-section elementor-top-section elementor-element elementor-element-c8cfc64 elementor-section-boxed elementor-section-height-default elementor-section-height-default\" data-id=\"c8cfc64\" data-element_type=\"section\">\n\t\t\t\t\t\t<div class=\"elementor-container elementor-column-gap-default\">\n\t\t\t\t\t\t\t<div class=\"elementor-row\">\n\t\t\t\t\t<div class=\"elementor-column elementor-col-100 elementor-top-column elementor-element elementor-element-eb93a3d\" data-id=\"eb93a3d\" data-element_type=\"column\">\n\t\t\t<div class=\"elementor-column-wrap elementor-element-populated\">\n\t\t\t\t\t\t\t<div class=\"elementor-widget-wrap\">\n\t\t\t\t\t\t<div class=\"elementor-element elementor-element-2aebb61 elementor-widget elementor-widget-heading\" data-id=\"2aebb61\" data-element_type=\"widget\" data-widget_type=\"heading.default\">\n\t\t\t\t<div class=\"elementor-widget-container\">\n\t\t\t<h2 class=\"elementor-heading-title elementor-size-default\"><u>SUPERVISI\u00d3N DE FABRICACIONES METALMEC\u00c1NICAS <\/u><\/h2>\t\t<\/div>\n\t\t\t\t<\/div>\n\t\t\t\t<div class=\"elementor-element elementor-element-5eb6485 elementor-widget elementor-widget-spacer\" data-id=\"5eb6485\" data-element_type=\"widget\" data-widget_type=\"spacer.default\">\n\t\t\t\t<div class=\"elementor-widget-container\">\n\t\t\t\t\t<div class=\"elementor-spacer\">\n\t\t\t<div class=\"elementor-spacer-inner\"><\/div>\n\t\t<\/div>\n\t\t\t\t<\/div>\n\t\t\t\t<\/div>\n\t\t\t\t\t\t<\/div>\n\t\t\t\t\t<\/div>\n\t\t<\/div>\n\t\t\t\t\t\t\t\t<\/div>\n\t\t\t\t\t<\/div>\n\t\t<\/section>\n\t\t\t\t<section class=\"elementor-section elementor-top-section elementor-element elementor-element-9e8c0db elementor-section-boxed elementor-section-height-default elementor-section-height-default\" data-id=\"9e8c0db\" data-element_type=\"section\">\n\t\t\t\t\t\t<div class=\"elementor-container elementor-column-gap-default\">\n\t\t\t\t\t\t\t<div class=\"elementor-row\">\n\t\t\t\t\t<div class=\"elementor-column elementor-col-50 elementor-top-column elementor-element elementor-element-5276fc7\" data-id=\"5276fc7\" data-element_type=\"column\">\n\t\t\t<div class=\"elementor-column-wrap elementor-element-populated\">\n\t\t\t\t\t\t\t<div class=\"elementor-widget-wrap\">\n\t\t\t\t\t\t<div class=\"elementor-element elementor-element-8004f2a elementor-widget elementor-widget-image\" data-id=\"8004f2a\" data-element_type=\"widget\" data-widget_type=\"image.default\">\n\t\t\t\t<div class=\"elementor-widget-container\">\n\t\t\t\t\t\t\t\t<div class=\"elementor-image\">\n\t\t\t\t\t\t\t\t\t\t\t\t<img decoding=\"async\" src=\"https:\/\/mewor.com.ar\/wp-content\/uploads\/2020\/02\/8-EQUIPO-TERMINADO.jpg\" title=\"8- EQUIPO TERMINADO\" alt=\"8- EQUIPO TERMINADO\" \/>\t\t\t\t\t\t\t\t\t\t\t\t\t\t<\/div>\n\t\t\t\t\t\t<\/div>\n\t\t\t\t<\/div>\n\t\t\t\t\t\t<\/div>\n\t\t\t\t\t<\/div>\n\t\t<\/div>\n\t\t\t\t<div class=\"elementor-column elementor-col-50 elementor-top-column elementor-element elementor-element-85cbc09\" data-id=\"85cbc09\" data-element_type=\"column\">\n\t\t\t<div class=\"elementor-column-wrap elementor-element-populated\">\n\t\t\t\t\t\t\t<div class=\"elementor-widget-wrap\">\n\t\t\t\t\t\t<div class=\"elementor-element elementor-element-a97561b elementor-widget elementor-widget-image\" data-id=\"a97561b\" data-element_type=\"widget\" data-widget_type=\"image.default\">\n\t\t\t\t<div class=\"elementor-widget-container\">\n\t\t\t\t\t\t\t\t<div class=\"elementor-image\">\n\t\t\t\t\t\t\t\t\t\t\t\t<img decoding=\"async\" src=\"https:\/\/mewor.com.ar\/wp-content\/uploads\/2020\/09\/16.jpg\" title=\"16\" alt=\"16\" \/>\t\t\t\t\t\t\t\t\t\t\t\t\t\t<\/div>\n\t\t\t\t\t\t<\/div>\n\t\t\t\t<\/div>\n\t\t\t\t\t\t<\/div>\n\t\t\t\t\t<\/div>\n\t\t<\/div>\n\t\t\t\t\t\t\t\t<\/div>\n\t\t\t\t\t<\/div>\n\t\t<\/section>\n\t\t\t\t<section class=\"elementor-section elementor-top-section elementor-element elementor-element-0b492ec elementor-section-boxed elementor-section-height-default elementor-section-height-default\" data-id=\"0b492ec\" data-element_type=\"section\">\n\t\t\t\t\t\t<div class=\"elementor-container elementor-column-gap-default\">\n\t\t\t\t\t\t\t<div class=\"elementor-row\">\n\t\t\t\t\t<div class=\"elementor-column elementor-col-100 elementor-top-column elementor-element elementor-element-35e4d7d\" data-id=\"35e4d7d\" data-element_type=\"column\">\n\t\t\t<div class=\"elementor-column-wrap elementor-element-populated\">\n\t\t\t\t\t\t\t<div class=\"elementor-widget-wrap\">\n\t\t\t\t\t\t<div class=\"elementor-element elementor-element-79a4528 elementor-widget elementor-widget-text-editor\" data-id=\"79a4528\" data-element_type=\"widget\" data-widget_type=\"text-editor.default\">\n\t\t\t\t<div class=\"elementor-widget-container\">\n\t\t\t\t\t\t\t\t<div class=\"elementor-text-editor elementor-clearfix\">\n\t\t\t\t<p style=\"text-align: center; background: white; margin: 0cm 0cm 19.5pt 0cm;\" align=\"center\"><span style=\"font-size: 11.5pt; font-family: 'Verdana',sans-serif; color: black;\">Manufacturing and assembly direction and supervision of mechanical and electric equipment (wiring, electric power cabinet, MCC's, control cabinets). Commissioning and start-up.<\/span><\/p>\t\t\t\t\t<\/div>\n\t\t\t\t\t\t<\/div>\n\t\t\t\t<\/div>\n\t\t\t\t\t\t<\/div>\n\t\t\t\t\t<\/div>\n\t\t<\/div>\n\t\t\t\t\t\t\t\t<\/div>\n\t\t\t\t\t<\/div>\n\t\t<\/section>\n\t\t\t\t\t\t\t\t\t<\/div>\n\t\t\t<\/div>\n\t\t\t\t\t<\/div>","protected":false},"excerpt":{"rendered":"<p>SUPERVISI\u00d3N DE FABRICACIONES METALMEC\u00c1NICAS Direcci\u00f3n y supervisi\u00f3n de montaje y fabricaci\u00f3n de equipamientos mec\u00e1nicos, el\u00e9ctricos (cableado, tableros el\u00e9ctricos de potencia, CCM\u2019s, y de control) y puesta en marcha.<\/p>","protected":false},"author":1,"featured_media":2138,"parent":519,"menu_order":7,"comment_status":"closed","ping_status":"closed","template":"","meta":{"footnotes":""},"_links":{"self":[{"href":"https:\/\/mewor.com.ar\/en\/wp-json\/wp\/v2\/pages\/1338"}],"collection":[{"href":"https:\/\/mewor.com.ar\/en\/wp-json\/wp\/v2\/pages"}],"about":[{"href":"https:\/\/mewor.com.ar\/en\/wp-json\/wp\/v2\/types\/page"}],"author":[{"embeddable":true,"href":"https:\/\/mewor.com.ar\/en\/wp-json\/wp\/v2\/users\/1"}],"replies":[{"embeddable":true,"href":"https:\/\/mewor.com.ar\/en\/wp-json\/wp\/v2\/comments?post=1338"}],"version-history":[{"count":39,"href":"https:\/\/mewor.com.ar\/en\/wp-json\/wp\/v2\/pages\/1338\/revisions"}],"predecessor-version":[{"id":2162,"href":"https:\/\/mewor.com.ar\/en\/wp-json\/wp\/v2\/pages\/1338\/revisions\/2162"}],"up":[{"embeddable":true,"href":"https:\/\/mewor.com.ar\/en\/wp-json\/wp\/v2\/pages\/519"}],"wp:featuredmedia":[{"embeddable":true,"href":"https:\/\/mewor.com.ar\/en\/wp-json\/wp\/v2\/media\/2138"}],"wp:attachment":[{"href":"https:\/\/mewor.com.ar\/en\/wp-json\/wp\/v2\/media?parent=1338"}],"curies":[{"name":"wp","href":"https:\/\/api.w.org\/{rel}","templated":true}]}}