{"id":520,"date":"2016-11-10T16:41:00","date_gmt":"2016-11-10T15:41:00","guid":{"rendered":"https:\/\/oceanwp.org\/architect\/?page_id=274"},"modified":"2020-12-15T10:46:22","modified_gmt":"2020-12-15T13:46:22","slug":"empresa","status":"publish","type":"page","link":"https:\/\/mewor.com.ar\/en\/empresa\/","title":{"rendered":"COMPANY"},"content":{"rendered":"<div data-elementor-type=\"wp-page\" data-elementor-id=\"520\" class=\"elementor elementor-520\">\n\t\t\t\t\t\t<div class=\"elementor-inner\">\n\t\t\t\t<div class=\"elementor-section-wrap\">\n\t\t\t\t\t\t\t\t\t<section class=\"elementor-section elementor-top-section elementor-element elementor-element-e128e0b elementor-section-boxed elementor-section-height-default elementor-section-height-default\" data-id=\"e128e0b\" data-element_type=\"section\">\n\t\t\t\t\t\t<div class=\"elementor-container elementor-column-gap-default\">\n\t\t\t\t\t\t\t<div class=\"elementor-row\">\n\t\t\t\t\t<div class=\"elementor-column elementor-col-100 elementor-top-column elementor-element elementor-element-13cf40d\" data-id=\"13cf40d\" data-element_type=\"column\">\n\t\t\t<div class=\"elementor-column-wrap elementor-element-populated\">\n\t\t\t\t\t\t\t<div class=\"elementor-widget-wrap\">\n\t\t\t\t\t\t<div class=\"elementor-element elementor-element-288fadb elementor-widget elementor-widget-text-editor\" data-id=\"288fadb\" data-element_type=\"widget\" data-widget_type=\"text-editor.default\">\n\t\t\t\t<div class=\"elementor-widget-container\">\n\t\t\t\t\t\t\t\t<div class=\"elementor-text-editor elementor-clearfix\">\n\t\t\t\t<p>Situada en el Mar del Plata \u2013 Argentina, Mewor\u00ae Engineering es una empresa especializada en servicios de Ingenier\u00eda y Fabricacion Mec\u00e1nica, El\u00e9ctrica y de Automatizaci\u00f3n de Procesos, que propone integridad en sus presentaciones. Desde la concepci\u00f3n de sus proyectos hasta la construcci\u00f3n y puesta en marcha de los mismos.<\/p>\n<p>Con un din\u00e1mico equipo de ingenieros especializados, Mewor\u00ae&nbsp; Engineering colabora tanto con empresas que necesitan reforzar su equipo t\u00e9cnico, como con aquellas que requieren puntualmente, alg\u00fan servicio de ingenier\u00eda especializado.<\/p>\n<p>Mewor\u00ae Engineering is a proactive firm that adapts to fulfill the need of its clients and works along with them in the execution of their projects, providing simple, economic, innovative, and competitive solutions.<\/p>\t\t\t\t\t<\/div>\n\t\t\t\t\t\t<\/div>\n\t\t\t\t<\/div>\n\t\t\t\t<div class=\"elementor-element elementor-element-dcce8fc elementor-button-info elementor-align-center elementor-widget elementor-widget-button\" data-id=\"dcce8fc\" data-element_type=\"widget\" data-widget_type=\"button.default\">\n\t\t\t\t<div class=\"elementor-widget-container\">\n\t\t\t\t\t<div class=\"elementor-button-wrapper\">\n\t\t\t<a href=\"http:\/\/mewor.com.ar\/en\/\" class=\"elementor-button-link elementor-button elementor-size-sm\" role=\"button\">\n\t\t\t\t\t\t<span class=\"elementor-button-content-wrapper\">\n\t\t\t\t\t\t\t<span class=\"elementor-button-icon elementor-align-icon-left\">\n\t\t\t\t<i aria-hidden=\"true\" class=\"far fa-arrow-alt-circle-left\"><\/i>\t\t\t<\/span>\n\t\t\t\t\t\t<span class=\"elementor-button-text\">Volver a la p\u00e1gina principal<\/span>\n\t\t<\/span>\n\t\t\t\t\t<\/a>\n\t\t<\/div>\n\t\t\t\t<\/div>\n\t\t\t\t<\/div>\n\t\t\t\t\t\t<\/div>\n\t\t\t\t\t<\/div>\n\t\t<\/div>\n\t\t\t\t\t\t\t\t<\/div>\n\t\t\t\t\t<\/div>\n\t\t<\/section>\n\t\t\t\t\t\t\t\t\t<\/div>\n\t\t\t<\/div>\n\t\t\t\t\t<\/div>","protected":false},"excerpt":{"rendered":"<p>Situada en el Mar del Plata \u2013 Argentina, Mewor\u00ae Engineering es una empresa especializada en servicios de Ingenier\u00eda y Fabricacion Mec\u00e1nica, El\u00e9ctrica y de Automatizaci\u00f3n de Procesos, que propone integridad en sus presentaciones. Desde la concepci\u00f3n de sus proyectos hasta la construcci\u00f3n y puesta en marcha de los mismos. Con un din\u00e1mico equipo de ingenieros&hellip;<\/p>","protected":false},"author":1,"featured_media":0,"parent":0,"menu_order":1,"comment_status":"closed","ping_status":"closed","template":"","meta":{"footnotes":""},"_links":{"self":[{"href":"https:\/\/mewor.com.ar\/en\/wp-json\/wp\/v2\/pages\/520"}],"collection":[{"href":"https:\/\/mewor.com.ar\/en\/wp-json\/wp\/v2\/pages"}],"about":[{"href":"https:\/\/mewor.com.ar\/en\/wp-json\/wp\/v2\/types\/page"}],"author":[{"embeddable":true,"href":"https:\/\/mewor.com.ar\/en\/wp-json\/wp\/v2\/users\/1"}],"replies":[{"embeddable":true,"href":"https:\/\/mewor.com.ar\/en\/wp-json\/wp\/v2\/comments?post=520"}],"version-history":[{"count":10,"href":"https:\/\/mewor.com.ar\/en\/wp-json\/wp\/v2\/pages\/520\/revisions"}],"predecessor-version":[{"id":1336,"href":"https:\/\/mewor.com.ar\/en\/wp-json\/wp\/v2\/pages\/520\/revisions\/1336"}],"wp:attachment":[{"href":"https:\/\/mewor.com.ar\/en\/wp-json\/wp\/v2\/media?parent=520"}],"curies":[{"name":"wp","href":"https:\/\/api.w.org\/{rel}","templated":true}]}}