{"id":685,"date":"2020-01-28T01:56:19","date_gmt":"2020-01-28T04:56:19","guid":{"rendered":"http:\/\/mewor.com.ar\/?page_id=685"},"modified":"2024-01-15T11:44:58","modified_gmt":"2024-01-15T14:44:58","slug":"analisis-de-fallas","status":"publish","type":"page","link":"https:\/\/mewor.com.ar\/en\/servicios-anterior\/analisis-de-fallas\/","title":{"rendered":"MECHANICAL FAILURE ANALYSIS"},"content":{"rendered":"<div data-elementor-type=\"wp-page\" data-elementor-id=\"685\" class=\"elementor elementor-685\">\n\t\t\t\t\t\t<div class=\"elementor-inner\">\n\t\t\t\t<div class=\"elementor-section-wrap\">\n\t\t\t\t\t\t\t\t\t<section class=\"elementor-section elementor-top-section elementor-element elementor-element-3bd95f3 elementor-section-boxed elementor-section-height-default elementor-section-height-default\" data-id=\"3bd95f3\" data-element_type=\"section\">\n\t\t\t\t\t\t<div class=\"elementor-container elementor-column-gap-default\">\n\t\t\t\t\t\t\t<div class=\"elementor-row\">\n\t\t\t\t\t<div class=\"elementor-column elementor-col-100 elementor-top-column elementor-element elementor-element-0825f96\" data-id=\"0825f96\" data-element_type=\"column\">\n\t\t\t<div class=\"elementor-column-wrap elementor-element-populated\">\n\t\t\t\t\t\t\t<div class=\"elementor-widget-wrap\">\n\t\t\t\t\t\t<div class=\"elementor-element elementor-element-e95189b elementor-widget elementor-widget-heading\" data-id=\"e95189b\" data-element_type=\"widget\" data-widget_type=\"heading.default\">\n\t\t\t\t<div class=\"elementor-widget-container\">\n\t\t\t<h2 class=\"elementor-heading-title elementor-size-default\"><u>FAILURE ANALYSIS<\/u><\/h2>\t\t<\/div>\n\t\t\t\t<\/div>\n\t\t\t\t<div class=\"elementor-element elementor-element-ccbd477 elementor-widget elementor-widget-spacer\" data-id=\"ccbd477\" data-element_type=\"widget\" data-widget_type=\"spacer.default\">\n\t\t\t\t<div class=\"elementor-widget-container\">\n\t\t\t\t\t<div class=\"elementor-spacer\">\n\t\t\t<div class=\"elementor-spacer-inner\"><\/div>\n\t\t<\/div>\n\t\t\t\t<\/div>\n\t\t\t\t<\/div>\n\t\t\t\t\t\t<\/div>\n\t\t\t\t\t<\/div>\n\t\t<\/div>\n\t\t\t\t\t\t\t\t<\/div>\n\t\t\t\t\t<\/div>\n\t\t<\/section>\n\t\t\t\t<section class=\"elementor-section elementor-top-section elementor-element elementor-element-276d129 elementor-section-boxed elementor-section-height-default elementor-section-height-default\" data-id=\"276d129\" data-element_type=\"section\">\n\t\t\t\t\t\t<div class=\"elementor-container elementor-column-gap-default\">\n\t\t\t\t\t\t\t<div class=\"elementor-row\">\n\t\t\t\t\t<div class=\"elementor-column elementor-col-100 elementor-top-column elementor-element elementor-element-e9e44bb\" data-id=\"e9e44bb\" data-element_type=\"column\">\n\t\t\t<div class=\"elementor-column-wrap elementor-element-populated\">\n\t\t\t\t\t\t\t<div class=\"elementor-widget-wrap\">\n\t\t\t\t\t\t<div class=\"elementor-element elementor-element-db7fe02 elementor-widget elementor-widget-image\" data-id=\"db7fe02\" data-element_type=\"widget\" data-widget_type=\"image.default\">\n\t\t\t\t<div class=\"elementor-widget-container\">\n\t\t\t\t\t\t\t\t<div class=\"elementor-image\">\n\t\t\t\t\t\t\t\t\t\t\t\t<img loading=\"lazy\" decoding=\"async\" width=\"300\" height=\"225\" src=\"https:\/\/mewor.com.ar\/wp-content\/uploads\/2020\/02\/analisis-de-fallas-EDITADO-300x225.jpg\" class=\"attachment-medium size-medium\" alt=\"\" srcset=\"https:\/\/mewor.com.ar\/wp-content\/uploads\/2020\/02\/analisis-de-fallas-EDITADO-300x225.jpg 300w, https:\/\/mewor.com.ar\/wp-content\/uploads\/2020\/02\/analisis-de-fallas-EDITADO-768x576.jpg 768w, https:\/\/mewor.com.ar\/wp-content\/uploads\/2020\/02\/analisis-de-fallas-EDITADO-1024x768.jpg 1024w, https:\/\/mewor.com.ar\/wp-content\/uploads\/2020\/02\/analisis-de-fallas-EDITADO.jpg 2048w\" sizes=\"(max-width: 300px) 100vw, 300px\" \/>\t\t\t\t\t\t\t\t\t\t\t\t\t\t<\/div>\n\t\t\t\t\t\t<\/div>\n\t\t\t\t<\/div>\n\t\t\t\t\t\t<\/div>\n\t\t\t\t\t<\/div>\n\t\t<\/div>\n\t\t\t\t\t\t\t\t<\/div>\n\t\t\t\t\t<\/div>\n\t\t<\/section>\n\t\t\t\t<section class=\"elementor-section elementor-top-section elementor-element elementor-element-9f424e1 elementor-section-boxed elementor-section-height-default elementor-section-height-default\" data-id=\"9f424e1\" data-element_type=\"section\">\n\t\t\t\t\t\t<div class=\"elementor-container elementor-column-gap-default\">\n\t\t\t\t\t\t\t<div class=\"elementor-row\">\n\t\t\t\t\t<div class=\"elementor-column elementor-col-100 elementor-top-column elementor-element elementor-element-d145650\" data-id=\"d145650\" data-element_type=\"column\">\n\t\t\t<div class=\"elementor-column-wrap elementor-element-populated\">\n\t\t\t\t\t\t\t<div class=\"elementor-widget-wrap\">\n\t\t\t\t\t\t<div class=\"elementor-element elementor-element-9a0f39a elementor-widget__width-initial elementor-widget elementor-widget-text-editor\" data-id=\"9a0f39a\" data-element_type=\"widget\" data-widget_type=\"text-editor.default\">\n\t\t\t\t<div class=\"elementor-widget-container\">\n\t\t\t\t\t\t\t\t<div class=\"elementor-text-editor elementor-clearfix\">\n\t\t\t\t<p style=\"text-align: center;\">Development of static and cinematic simulations and analysis. Structural, thermal, fatigue, and fluid-dynamic calculations using analysis techniques and differential calculations via finite element methods.<\/p>\t\t\t\t\t<\/div>\n\t\t\t\t\t\t<\/div>\n\t\t\t\t<\/div>\n\t\t\t\t\t\t<\/div>\n\t\t\t\t\t<\/div>\n\t\t<\/div>\n\t\t\t\t\t\t\t\t<\/div>\n\t\t\t\t\t<\/div>\n\t\t<\/section>\n\t\t\t\t\t\t\t\t\t<\/div>\n\t\t\t<\/div>\n\t\t\t\t\t<\/div>","protected":false},"excerpt":{"rendered":"<p>AN\u00c1LISIS DE FALLAS Desarrollamos an\u00e1lisis de simulaciones cinem\u00e1ticas, c\u00e1lculos estructurales, t\u00e9rmicos, de fatiga (F.E.A.) y fluido-din\u00e1micos (C.F.D) mediante t\u00e9cnicas de an\u00e1lisis y c\u00e1lculo diferencial por elementos finitos.<\/p>","protected":false},"author":1,"featured_media":783,"parent":519,"menu_order":6,"comment_status":"closed","ping_status":"closed","template":"","meta":{"footnotes":""},"_links":{"self":[{"href":"https:\/\/mewor.com.ar\/en\/wp-json\/wp\/v2\/pages\/685"}],"collection":[{"href":"https:\/\/mewor.com.ar\/en\/wp-json\/wp\/v2\/pages"}],"about":[{"href":"https:\/\/mewor.com.ar\/en\/wp-json\/wp\/v2\/types\/page"}],"author":[{"embeddable":true,"href":"https:\/\/mewor.com.ar\/en\/wp-json\/wp\/v2\/users\/1"}],"replies":[{"embeddable":true,"href":"https:\/\/mewor.com.ar\/en\/wp-json\/wp\/v2\/comments?post=685"}],"version-history":[{"count":13,"href":"https:\/\/mewor.com.ar\/en\/wp-json\/wp\/v2\/pages\/685\/revisions"}],"predecessor-version":[{"id":2155,"href":"https:\/\/mewor.com.ar\/en\/wp-json\/wp\/v2\/pages\/685\/revisions\/2155"}],"up":[{"embeddable":true,"href":"https:\/\/mewor.com.ar\/en\/wp-json\/wp\/v2\/pages\/519"}],"wp:featuredmedia":[{"embeddable":true,"href":"https:\/\/mewor.com.ar\/en\/wp-json\/wp\/v2\/media\/783"}],"wp:attachment":[{"href":"https:\/\/mewor.com.ar\/en\/wp-json\/wp\/v2\/media?parent=685"}],"curies":[{"name":"wp","href":"https:\/\/api.w.org\/{rel}","templated":true}]}}