{"id":687,"date":"2020-01-28T01:56:56","date_gmt":"2020-01-28T04:56:56","guid":{"rendered":"http:\/\/mewor.com.ar\/?page_id=687"},"modified":"2024-01-10T14:41:39","modified_gmt":"2024-01-10T17:41:39","slug":"ingenieria-inversa","status":"publish","type":"page","link":"https:\/\/mewor.com.ar\/en\/servicios-anterior\/ingenieria-inversa\/","title":{"rendered":"REVERSE ENGINEERING"},"content":{"rendered":"<div data-elementor-type=\"wp-page\" data-elementor-id=\"687\" class=\"elementor elementor-687\">\n\t\t\t\t\t\t<div class=\"elementor-inner\">\n\t\t\t\t<div class=\"elementor-section-wrap\">\n\t\t\t\t\t\t\t\t\t<section class=\"elementor-section elementor-top-section elementor-element elementor-element-46ae6b3 elementor-section-boxed elementor-section-height-default elementor-section-height-default\" data-id=\"46ae6b3\" data-element_type=\"section\">\n\t\t\t\t\t\t<div class=\"elementor-container elementor-column-gap-default\">\n\t\t\t\t\t\t\t<div class=\"elementor-row\">\n\t\t\t\t\t<div class=\"elementor-column elementor-col-100 elementor-top-column elementor-element elementor-element-668aadf\" data-id=\"668aadf\" data-element_type=\"column\">\n\t\t\t<div class=\"elementor-column-wrap elementor-element-populated\">\n\t\t\t\t\t\t\t<div class=\"elementor-widget-wrap\">\n\t\t\t\t\t\t<div class=\"elementor-element elementor-element-02a4b44 elementor-widget elementor-widget-heading\" data-id=\"02a4b44\" data-element_type=\"widget\" data-widget_type=\"heading.default\">\n\t\t\t\t<div class=\"elementor-widget-container\">\n\t\t\t<h2 class=\"elementor-heading-title elementor-size-default\"><u>REVERSE ENGINEERING<\/u><\/h2>\t\t<\/div>\n\t\t\t\t<\/div>\n\t\t\t\t<div class=\"elementor-element elementor-element-b18aa0c elementor-widget elementor-widget-spacer\" data-id=\"b18aa0c\" data-element_type=\"widget\" data-widget_type=\"spacer.default\">\n\t\t\t\t<div class=\"elementor-widget-container\">\n\t\t\t\t\t<div class=\"elementor-spacer\">\n\t\t\t<div class=\"elementor-spacer-inner\"><\/div>\n\t\t<\/div>\n\t\t\t\t<\/div>\n\t\t\t\t<\/div>\n\t\t\t\t\t\t<\/div>\n\t\t\t\t\t<\/div>\n\t\t<\/div>\n\t\t\t\t\t\t\t\t<\/div>\n\t\t\t\t\t<\/div>\n\t\t<\/section>\n\t\t\t\t<section class=\"elementor-section elementor-top-section elementor-element elementor-element-24c356a elementor-section-boxed elementor-section-height-default elementor-section-height-default\" data-id=\"24c356a\" data-element_type=\"section\">\n\t\t\t\t\t\t<div class=\"elementor-container elementor-column-gap-default\">\n\t\t\t\t\t\t\t<div class=\"elementor-row\">\n\t\t\t\t\t<div class=\"elementor-column elementor-col-100 elementor-top-column elementor-element elementor-element-d8c56c6\" data-id=\"d8c56c6\" data-element_type=\"column\">\n\t\t\t<div class=\"elementor-column-wrap elementor-element-populated\">\n\t\t\t\t\t\t\t<div class=\"elementor-widget-wrap\">\n\t\t\t\t\t\t<div class=\"elementor-element elementor-element-3a93ab8 elementor-widget elementor-widget-image\" data-id=\"3a93ab8\" data-element_type=\"widget\" data-widget_type=\"image.default\">\n\t\t\t\t<div class=\"elementor-widget-container\">\n\t\t\t\t\t\t\t\t<div class=\"elementor-image\">\n\t\t\t\t\t\t\t\t\t\t\t\t<img loading=\"lazy\" decoding=\"async\" width=\"300\" height=\"225\" src=\"https:\/\/mewor.com.ar\/wp-content\/uploads\/2020\/02\/Ingenieria-Inversa-EDITADO-300x225.jpg\" class=\"attachment-medium size-medium\" alt=\"\" srcset=\"https:\/\/mewor.com.ar\/wp-content\/uploads\/2020\/02\/Ingenieria-Inversa-EDITADO-300x225.jpg 300w, https:\/\/mewor.com.ar\/wp-content\/uploads\/2020\/02\/Ingenieria-Inversa-EDITADO-768x576.jpg 768w, https:\/\/mewor.com.ar\/wp-content\/uploads\/2020\/02\/Ingenieria-Inversa-EDITADO-1024x768.jpg 1024w, https:\/\/mewor.com.ar\/wp-content\/uploads\/2020\/02\/Ingenieria-Inversa-EDITADO.jpg 2048w\" sizes=\"(max-width: 300px) 100vw, 300px\" \/>\t\t\t\t\t\t\t\t\t\t\t\t\t\t<\/div>\n\t\t\t\t\t\t<\/div>\n\t\t\t\t<\/div>\n\t\t\t\t\t\t<\/div>\n\t\t\t\t\t<\/div>\n\t\t<\/div>\n\t\t\t\t\t\t\t\t<\/div>\n\t\t\t\t\t<\/div>\n\t\t<\/section>\n\t\t\t\t<section class=\"elementor-section elementor-top-section elementor-element elementor-element-8dc8b87 elementor-section-boxed elementor-section-height-default elementor-section-height-default\" data-id=\"8dc8b87\" data-element_type=\"section\">\n\t\t\t\t\t\t<div class=\"elementor-container elementor-column-gap-default\">\n\t\t\t\t\t\t\t<div class=\"elementor-row\">\n\t\t\t\t\t<div class=\"elementor-column elementor-col-100 elementor-top-column elementor-element elementor-element-b2e0b35\" data-id=\"b2e0b35\" data-element_type=\"column\">\n\t\t\t<div class=\"elementor-column-wrap elementor-element-populated\">\n\t\t\t\t\t\t\t<div class=\"elementor-widget-wrap\">\n\t\t\t\t\t\t<div class=\"elementor-element elementor-element-ac28912 elementor-widget__width-initial elementor-widget elementor-widget-text-editor\" data-id=\"ac28912\" data-element_type=\"widget\" data-widget_type=\"text-editor.default\">\n\t\t\t\t<div class=\"elementor-widget-container\">\n\t\t\t\t\t\t\t\t<div class=\"elementor-text-editor elementor-clearfix\">\n\t\t\t\t<p style=\"text-align: center;\">Reverse engineering is commonly defined as the branch of engineering responsible for the exact representation of a physical model or productive process already in existence.<\/p>\t\t\t\t\t<\/div>\n\t\t\t\t\t\t<\/div>\n\t\t\t\t<\/div>\n\t\t\t\t\t\t<\/div>\n\t\t\t\t\t<\/div>\n\t\t<\/div>\n\t\t\t\t\t\t\t\t<\/div>\n\t\t\t\t\t<\/div>\n\t\t<\/section>\n\t\t\t\t\t\t\t\t\t<\/div>\n\t\t\t<\/div>\n\t\t\t\t\t<\/div>","protected":false},"excerpt":{"rendered":"<p>INGENIER\u00cdA INVERSA La ingenier\u00eda inversa se define com\u00fanmente como la parte de la ingenier\u00eda que se ocupa de la reproducci\u00f3n exacta de un modelo f\u00edsico o proceso productivo ya existente. Es extensible a los procesos de dise\u00f1o y fabricaci\u00f3n, que necesiten reajustes o redise\u00f1os seg\u00fan se adapten a sus fases operativas.<\/p>","protected":false},"author":1,"featured_media":784,"parent":519,"menu_order":3,"comment_status":"closed","ping_status":"closed","template":"","meta":{"footnotes":""},"_links":{"self":[{"href":"https:\/\/mewor.com.ar\/en\/wp-json\/wp\/v2\/pages\/687"}],"collection":[{"href":"https:\/\/mewor.com.ar\/en\/wp-json\/wp\/v2\/pages"}],"about":[{"href":"https:\/\/mewor.com.ar\/en\/wp-json\/wp\/v2\/types\/page"}],"author":[{"embeddable":true,"href":"https:\/\/mewor.com.ar\/en\/wp-json\/wp\/v2\/users\/1"}],"replies":[{"embeddable":true,"href":"https:\/\/mewor.com.ar\/en\/wp-json\/wp\/v2\/comments?post=687"}],"version-history":[{"count":9,"href":"https:\/\/mewor.com.ar\/en\/wp-json\/wp\/v2\/pages\/687\/revisions"}],"predecessor-version":[{"id":1566,"href":"https:\/\/mewor.com.ar\/en\/wp-json\/wp\/v2\/pages\/687\/revisions\/1566"}],"up":[{"embeddable":true,"href":"https:\/\/mewor.com.ar\/en\/wp-json\/wp\/v2\/pages\/519"}],"wp:featuredmedia":[{"embeddable":true,"href":"https:\/\/mewor.com.ar\/en\/wp-json\/wp\/v2\/media\/784"}],"wp:attachment":[{"href":"https:\/\/mewor.com.ar\/en\/wp-json\/wp\/v2\/media?parent=687"}],"curies":[{"name":"wp","href":"https:\/\/api.w.org\/{rel}","templated":true}]}}