{"id":682,"date":"2020-01-31T01:55:18","date_gmt":"2020-01-31T04:55:18","guid":{"rendered":"http:\/\/mewor.com.ar\/?page_id=682"},"modified":"2024-01-15T11:39:15","modified_gmt":"2024-01-15T14:39:15","slug":"ingenieria-mecanica","status":"publish","type":"page","link":"https:\/\/mewor.com.ar\/es\/servicios-anterior\/ingenieria-mecanica\/","title":{"rendered":"INGENIER\u00cdA MEC\u00c1NICA"},"content":{"rendered":"\t\t<div data-elementor-type=\"wp-page\" data-elementor-id=\"682\" class=\"elementor elementor-682\">\n\t\t\t\t\t\t<div class=\"elementor-inner\">\n\t\t\t\t<div class=\"elementor-section-wrap\">\n\t\t\t\t\t\t\t\t\t<section class=\"elementor-section elementor-top-section elementor-element elementor-element-c8cfc64 elementor-section-boxed elementor-section-height-default elementor-section-height-default\" data-id=\"c8cfc64\" data-element_type=\"section\">\n\t\t\t\t\t\t<div class=\"elementor-container elementor-column-gap-default\">\n\t\t\t\t\t\t\t<div class=\"elementor-row\">\n\t\t\t\t\t<div class=\"elementor-column elementor-col-100 elementor-top-column elementor-element elementor-element-eb93a3d\" data-id=\"eb93a3d\" data-element_type=\"column\">\n\t\t\t<div class=\"elementor-column-wrap elementor-element-populated\">\n\t\t\t\t\t\t\t<div class=\"elementor-widget-wrap\">\n\t\t\t\t\t\t<div class=\"elementor-element elementor-element-2aebb61 elementor-widget elementor-widget-heading\" data-id=\"2aebb61\" data-element_type=\"widget\" data-widget_type=\"heading.default\">\n\t\t\t\t<div class=\"elementor-widget-container\">\n\t\t\t<h2 class=\"elementor-heading-title elementor-size-default\"><u>INGENIER\u00cdA MEC\u00c1NICA<\/u><br><\/h2>\t\t<\/div>\n\t\t\t\t<\/div>\n\t\t\t\t<div class=\"elementor-element elementor-element-5eb6485 elementor-widget elementor-widget-spacer\" data-id=\"5eb6485\" data-element_type=\"widget\" data-widget_type=\"spacer.default\">\n\t\t\t\t<div class=\"elementor-widget-container\">\n\t\t\t\t\t<div class=\"elementor-spacer\">\n\t\t\t<div class=\"elementor-spacer-inner\"><\/div>\n\t\t<\/div>\n\t\t\t\t<\/div>\n\t\t\t\t<\/div>\n\t\t\t\t\t\t<\/div>\n\t\t\t\t\t<\/div>\n\t\t<\/div>\n\t\t\t\t\t\t\t\t<\/div>\n\t\t\t\t\t<\/div>\n\t\t<\/section>\n\t\t\t\t<section class=\"elementor-section elementor-top-section elementor-element elementor-element-0b492ec elementor-section-boxed elementor-section-height-default elementor-section-height-default\" data-id=\"0b492ec\" data-element_type=\"section\">\n\t\t\t\t\t\t<div class=\"elementor-container elementor-column-gap-default\">\n\t\t\t\t\t\t\t<div class=\"elementor-row\">\n\t\t\t\t\t<div class=\"elementor-column elementor-col-100 elementor-top-column elementor-element elementor-element-884917a\" data-id=\"884917a\" data-element_type=\"column\">\n\t\t\t<div class=\"elementor-column-wrap elementor-element-populated\">\n\t\t\t\t\t\t\t<div class=\"elementor-widget-wrap\">\n\t\t\t\t\t\t<div class=\"elementor-element elementor-element-384a6c5 elementor-widget elementor-widget-image\" data-id=\"384a6c5\" data-element_type=\"widget\" data-widget_type=\"image.default\">\n\t\t\t\t<div class=\"elementor-widget-container\">\n\t\t\t\t\t\t\t\t<div class=\"elementor-image\">\n\t\t\t\t\t\t\t\t\t\t\t\t<img decoding=\"async\" src=\"https:\/\/mewor.com.ar\/wp-content\/uploads\/2020\/01\/INGENIER\u00cdA-MEC\u00c1NICA.jpg\" title=\"INGENIER\u00cdA MEC\u00c1NICA\" alt=\"INGENIER\u00cdA MEC\u00c1NICA\" \/>\t\t\t\t\t\t\t\t\t\t\t\t\t\t<\/div>\n\t\t\t\t\t\t<\/div>\n\t\t\t\t<\/div>\n\t\t\t\t\t\t<\/div>\n\t\t\t\t\t<\/div>\n\t\t<\/div>\n\t\t\t\t\t\t\t\t<\/div>\n\t\t\t\t\t<\/div>\n\t\t<\/section>\n\t\t\t\t<section class=\"elementor-section elementor-top-section elementor-element elementor-element-207664c elementor-section-boxed elementor-section-height-default elementor-section-height-default\" data-id=\"207664c\" data-element_type=\"section\">\n\t\t\t\t\t\t<div class=\"elementor-container elementor-column-gap-default\">\n\t\t\t\t\t\t\t<div class=\"elementor-row\">\n\t\t\t\t\t<div class=\"elementor-column elementor-col-100 elementor-top-column elementor-element elementor-element-35e4d7d\" data-id=\"35e4d7d\" data-element_type=\"column\">\n\t\t\t<div class=\"elementor-column-wrap elementor-element-populated\">\n\t\t\t\t\t\t\t<div class=\"elementor-widget-wrap\">\n\t\t\t\t\t\t<div class=\"elementor-element elementor-element-79a4528 elementor-widget__width-initial elementor-widget elementor-widget-text-editor\" data-id=\"79a4528\" data-element_type=\"widget\" data-widget_type=\"text-editor.default\">\n\t\t\t\t<div class=\"elementor-widget-container\">\n\t\t\t\t\t\t\t\t<div class=\"elementor-text-editor elementor-clearfix\">\n\t\t\t\t<p style=\"text-align: center;\">Desarrollos de ingenier\u00edas b\u00e1sicas y de detalle, para instalaciones industriales.<\/p><p style=\"text-align: center;\">Piping (P&amp;D, Isometr\u00edas, Soporter\u00eda, etc.). Estructuras met\u00e1licas, dise\u00f1o de equipos (tecnolog\u00eda integrada), dise\u00f1os neum\u00e1ticos e hidr\u00e1ulicos (instalaciones y maquinarias). Desarrollos conceptuales de productos y procesos. An\u00e1lisis de fallas, c\u00e1lculos estructurales mediante elementos finitos (F.E.A.) y de fluidos mediante m\u00e9todos diferenciales (C.F.D). Estudio de factibilidad.\u00a0<\/p><p style=\"text-align: center;\">Optimizamos el dise\u00f1o constrictivo, de montaje y mantenimiento, con tecnolog\u00eda C.A.D. 3D.<\/p><p style=\"text-align: center;\">Dimensionamos cada elemento del conjunto, a partir del an\u00e1lisis del comportamiento estructural en servicio, de elementos o conjuntos.<\/p>\t\t\t\t\t<\/div>\n\t\t\t\t\t\t<\/div>\n\t\t\t\t<\/div>\n\t\t\t\t\t\t<\/div>\n\t\t\t\t\t<\/div>\n\t\t<\/div>\n\t\t\t\t\t\t\t\t<\/div>\n\t\t\t\t\t<\/div>\n\t\t<\/section>\n\t\t\t\t\t\t\t\t\t<\/div>\n\t\t\t<\/div>\n\t\t\t\t\t<\/div>\n\t\t","protected":false},"excerpt":{"rendered":"<p>INGENIER\u00cdA MEC\u00c1NICA Desarrollos de ingenier\u00edas b\u00e1sicas y de detalle, para instalaciones industriales. Piping (P&amp;D, Isometr\u00edas, Soporter\u00eda, etc.). Estructuras met\u00e1licas, dise\u00f1o de equipos (tecnolog\u00eda integrada), dise\u00f1os neum\u00e1ticos e hidr\u00e1ulicos (instalaciones y maquinarias). Desarrollos conceptuales de productos y procesos. An\u00e1lisis de fallas, c\u00e1lculos estructurales mediante elementos finitos (F.E.A.) y de fluidos mediante m\u00e9todos diferenciales (C.F.D). Estudio de&hellip;<\/p>\n","protected":false},"author":1,"featured_media":1385,"parent":519,"menu_order":1,"comment_status":"closed","ping_status":"closed","template":"","meta":{"footnotes":""},"_links":{"self":[{"href":"https:\/\/mewor.com.ar\/es\/wp-json\/wp\/v2\/pages\/682"}],"collection":[{"href":"https:\/\/mewor.com.ar\/es\/wp-json\/wp\/v2\/pages"}],"about":[{"href":"https:\/\/mewor.com.ar\/es\/wp-json\/wp\/v2\/types\/page"}],"author":[{"embeddable":true,"href":"https:\/\/mewor.com.ar\/es\/wp-json\/wp\/v2\/users\/1"}],"replies":[{"embeddable":true,"href":"https:\/\/mewor.com.ar\/es\/wp-json\/wp\/v2\/comments?post=682"}],"version-history":[{"count":30,"href":"https:\/\/mewor.com.ar\/es\/wp-json\/wp\/v2\/pages\/682\/revisions"}],"predecessor-version":[{"id":2145,"href":"https:\/\/mewor.com.ar\/es\/wp-json\/wp\/v2\/pages\/682\/revisions\/2145"}],"up":[{"embeddable":true,"href":"https:\/\/mewor.com.ar\/es\/wp-json\/wp\/v2\/pages\/519"}],"wp:featuredmedia":[{"embeddable":true,"href":"https:\/\/mewor.com.ar\/es\/wp-json\/wp\/v2\/media\/1385"}],"wp:attachment":[{"href":"https:\/\/mewor.com.ar\/es\/wp-json\/wp\/v2\/media?parent=682"}],"curies":[{"name":"wp","href":"https:\/\/api.w.org\/{rel}","templated":true}]}}