{"id":692,"date":"2020-01-28T02:02:09","date_gmt":"2020-01-28T05:02:09","guid":{"rendered":"http:\/\/mewor.com.ar\/?page_id=692"},"modified":"2024-01-15T11:43:10","modified_gmt":"2024-01-15T14:43:10","slug":"ingenieria-electrica","status":"publish","type":"page","link":"https:\/\/mewor.com.ar\/es\/servicios-anterior\/ingenieria-electrica\/","title":{"rendered":"INGENIER\u00cdA EL\u00c9CTRICA"},"content":{"rendered":"\t\t<div data-elementor-type=\"wp-page\" data-elementor-id=\"692\" class=\"elementor elementor-692\">\n\t\t\t\t\t\t<div class=\"elementor-inner\">\n\t\t\t\t<div class=\"elementor-section-wrap\">\n\t\t\t\t\t\t\t\t\t<section class=\"elementor-section elementor-top-section elementor-element elementor-element-ad1dd6d elementor-section-boxed elementor-section-height-default elementor-section-height-default\" data-id=\"ad1dd6d\" data-element_type=\"section\">\n\t\t\t\t\t\t<div class=\"elementor-container elementor-column-gap-default\">\n\t\t\t\t\t\t\t<div class=\"elementor-row\">\n\t\t\t\t\t<div class=\"elementor-column elementor-col-100 elementor-top-column elementor-element elementor-element-57bc271\" data-id=\"57bc271\" data-element_type=\"column\">\n\t\t\t<div class=\"elementor-column-wrap elementor-element-populated\">\n\t\t\t\t\t\t\t<div class=\"elementor-widget-wrap\">\n\t\t\t\t\t\t<div class=\"elementor-element elementor-element-4ac0036 elementor-widget elementor-widget-heading\" data-id=\"4ac0036\" data-element_type=\"widget\" data-widget_type=\"heading.default\">\n\t\t\t\t<div class=\"elementor-widget-container\">\n\t\t\t<h2 class=\"elementor-heading-title elementor-size-default\"><u>INGENIER\u00cdA EL\u00c9CTRICA<\/u><\/h2>\t\t<\/div>\n\t\t\t\t<\/div>\n\t\t\t\t<div class=\"elementor-element elementor-element-f5abb57 elementor-widget elementor-widget-spacer\" data-id=\"f5abb57\" data-element_type=\"widget\" data-widget_type=\"spacer.default\">\n\t\t\t\t<div class=\"elementor-widget-container\">\n\t\t\t\t\t<div class=\"elementor-spacer\">\n\t\t\t<div class=\"elementor-spacer-inner\"><\/div>\n\t\t<\/div>\n\t\t\t\t<\/div>\n\t\t\t\t<\/div>\n\t\t\t\t\t\t<\/div>\n\t\t\t\t\t<\/div>\n\t\t<\/div>\n\t\t\t\t\t\t\t\t<\/div>\n\t\t\t\t\t<\/div>\n\t\t<\/section>\n\t\t\t\t<section class=\"elementor-section elementor-top-section elementor-element elementor-element-bf22775 elementor-section-boxed elementor-section-height-default elementor-section-height-default\" data-id=\"bf22775\" data-element_type=\"section\">\n\t\t\t\t\t\t<div class=\"elementor-container elementor-column-gap-default\">\n\t\t\t\t\t\t\t<div class=\"elementor-row\">\n\t\t\t\t\t<div class=\"elementor-column elementor-col-100 elementor-top-column elementor-element elementor-element-a1482b6\" data-id=\"a1482b6\" data-element_type=\"column\">\n\t\t\t<div class=\"elementor-column-wrap elementor-element-populated\">\n\t\t\t\t\t\t\t<div class=\"elementor-widget-wrap\">\n\t\t\t\t\t\t<div class=\"elementor-element elementor-element-afb7996 elementor-widget elementor-widget-image\" data-id=\"afb7996\" data-element_type=\"widget\" data-widget_type=\"image.default\">\n\t\t\t\t<div class=\"elementor-widget-container\">\n\t\t\t\t\t\t\t\t<div class=\"elementor-image\">\n\t\t\t\t\t\t\t\t\t\t\t\t<img loading=\"lazy\" decoding=\"async\" width=\"300\" height=\"225\" src=\"https:\/\/mewor.com.ar\/wp-content\/uploads\/2020\/02\/INGENIER\u00cdA-EL\u00c9CTRICA-EDITADO-300x225.jpg\" class=\"attachment-medium size-medium\" alt=\"\" srcset=\"https:\/\/mewor.com.ar\/wp-content\/uploads\/2020\/02\/INGENIER\u00cdA-EL\u00c9CTRICA-EDITADO-300x225.jpg 300w, https:\/\/mewor.com.ar\/wp-content\/uploads\/2020\/02\/INGENIER\u00cdA-EL\u00c9CTRICA-EDITADO-768x576.jpg 768w, https:\/\/mewor.com.ar\/wp-content\/uploads\/2020\/02\/INGENIER\u00cdA-EL\u00c9CTRICA-EDITADO-1024x768.jpg 1024w, https:\/\/mewor.com.ar\/wp-content\/uploads\/2020\/02\/INGENIER\u00cdA-EL\u00c9CTRICA-EDITADO.jpg 2048w\" sizes=\"(max-width: 300px) 100vw, 300px\" \/>\t\t\t\t\t\t\t\t\t\t\t\t\t\t<\/div>\n\t\t\t\t\t\t<\/div>\n\t\t\t\t<\/div>\n\t\t\t\t\t\t<\/div>\n\t\t\t\t\t<\/div>\n\t\t<\/div>\n\t\t\t\t\t\t\t\t<\/div>\n\t\t\t\t\t<\/div>\n\t\t<\/section>\n\t\t\t\t<section class=\"elementor-section elementor-top-section elementor-element elementor-element-851a239 elementor-section-boxed elementor-section-height-default elementor-section-height-default\" data-id=\"851a239\" data-element_type=\"section\">\n\t\t\t\t\t\t<div class=\"elementor-container elementor-column-gap-default\">\n\t\t\t\t\t\t\t<div class=\"elementor-row\">\n\t\t\t\t\t<div class=\"elementor-column elementor-col-100 elementor-top-column elementor-element elementor-element-a75acb0\" data-id=\"a75acb0\" data-element_type=\"column\">\n\t\t\t<div class=\"elementor-column-wrap elementor-element-populated\">\n\t\t\t\t\t\t\t<div class=\"elementor-widget-wrap\">\n\t\t\t\t\t\t<div class=\"elementor-element elementor-element-264b260 elementor-widget__width-initial elementor-widget elementor-widget-text-editor\" data-id=\"264b260\" data-element_type=\"widget\" data-widget_type=\"text-editor.default\">\n\t\t\t\t<div class=\"elementor-widget-container\">\n\t\t\t\t\t\t\t\t<div class=\"elementor-text-editor elementor-clearfix\">\n\t\t\t\t<p style=\"text-align: center;\">Desarrollo de instalaciones y tableros el\u00e9ctricos, CCM&#8217;s., selecci\u00f3n y calculo de equipamiento de fuerza motriz. Estudio de factibilidad.<\/p>\n<p style=\"text-align: center;\">Proyectos integrales de equipamiento especial. Iluminaci\u00f3n de plantas industriales, estudios de luminotecnia, planos llave general, unifilares. topogr\u00e1ficos de tableros y listado de materiales para presupuestaciones budget.<\/p>\t\t\t\t\t<\/div>\n\t\t\t\t\t\t<\/div>\n\t\t\t\t<\/div>\n\t\t\t\t\t\t<\/div>\n\t\t\t\t\t<\/div>\n\t\t<\/div>\n\t\t\t\t\t\t\t\t<\/div>\n\t\t\t\t\t<\/div>\n\t\t<\/section>\n\t\t\t\t\t\t\t\t\t<\/div>\n\t\t\t<\/div>\n\t\t\t\t\t<\/div>\n\t\t","protected":false},"excerpt":{"rendered":"<p>INGENIER\u00cdA EL\u00c9CTRICA Desarrollo de instalaciones y tableros el\u00e9ctricos, CCM&#8217;s., selecci\u00f3n y calculo de equipamiento de fuerza motriz. Estudio de factibilidad. Proyectos integrales de equipamiento especial. Iluminaci\u00f3n de plantas industriales, estudios de luminotecnia, planos llave general, unifilares. topogr\u00e1ficos de tableros y listado de materiales para presupuestaciones budget.<\/p>\n","protected":false},"author":1,"featured_media":785,"parent":519,"menu_order":2,"comment_status":"closed","ping_status":"closed","template":"","meta":{"footnotes":""},"_links":{"self":[{"href":"https:\/\/mewor.com.ar\/es\/wp-json\/wp\/v2\/pages\/692"}],"collection":[{"href":"https:\/\/mewor.com.ar\/es\/wp-json\/wp\/v2\/pages"}],"about":[{"href":"https:\/\/mewor.com.ar\/es\/wp-json\/wp\/v2\/types\/page"}],"author":[{"embeddable":true,"href":"https:\/\/mewor.com.ar\/es\/wp-json\/wp\/v2\/users\/1"}],"replies":[{"embeddable":true,"href":"https:\/\/mewor.com.ar\/es\/wp-json\/wp\/v2\/comments?post=692"}],"version-history":[{"count":22,"href":"https:\/\/mewor.com.ar\/es\/wp-json\/wp\/v2\/pages\/692\/revisions"}],"predecessor-version":[{"id":2148,"href":"https:\/\/mewor.com.ar\/es\/wp-json\/wp\/v2\/pages\/692\/revisions\/2148"}],"up":[{"embeddable":true,"href":"https:\/\/mewor.com.ar\/es\/wp-json\/wp\/v2\/pages\/519"}],"wp:featuredmedia":[{"embeddable":true,"href":"https:\/\/mewor.com.ar\/es\/wp-json\/wp\/v2\/media\/785"}],"wp:attachment":[{"href":"https:\/\/mewor.com.ar\/es\/wp-json\/wp\/v2\/media?parent=692"}],"curies":[{"name":"wp","href":"https:\/\/api.w.org\/{rel}","templated":true}]}}