{"id":694,"date":"2020-01-28T02:04:28","date_gmt":"2020-01-28T05:04:28","guid":{"rendered":"http:\/\/mewor.com.ar\/?page_id=694"},"modified":"2024-01-15T11:44:21","modified_gmt":"2024-01-15T14:44:21","slug":"automatizacion-y-control-de-procesos","status":"publish","type":"page","link":"https:\/\/mewor.com.ar\/es\/servicios-anterior\/automatizacion-y-control-de-procesos\/","title":{"rendered":"INGENIER\u00cdA DE AUTOMATIZACI\u00d3N Y CONTROL DE PROCESOS"},"content":{"rendered":"\t\t<div data-elementor-type=\"wp-page\" data-elementor-id=\"694\" class=\"elementor elementor-694\">\n\t\t\t\t\t\t<div class=\"elementor-inner\">\n\t\t\t\t<div class=\"elementor-section-wrap\">\n\t\t\t\t\t\t\t\t\t<section class=\"elementor-section elementor-top-section elementor-element elementor-element-f539428 elementor-section-boxed elementor-section-height-default elementor-section-height-default\" data-id=\"f539428\" data-element_type=\"section\">\n\t\t\t\t\t\t<div class=\"elementor-container elementor-column-gap-default\">\n\t\t\t\t\t\t\t<div class=\"elementor-row\">\n\t\t\t\t\t<div class=\"elementor-column elementor-col-100 elementor-top-column elementor-element elementor-element-dc8ceb4\" data-id=\"dc8ceb4\" data-element_type=\"column\">\n\t\t\t<div class=\"elementor-column-wrap elementor-element-populated\">\n\t\t\t\t\t\t\t<div class=\"elementor-widget-wrap\">\n\t\t\t\t\t\t<div class=\"elementor-element elementor-element-6d698c8 elementor-widget elementor-widget-heading\" data-id=\"6d698c8\" data-element_type=\"widget\" data-widget_type=\"heading.default\">\n\t\t\t\t<div class=\"elementor-widget-container\">\n\t\t\t<h2 class=\"elementor-heading-title elementor-size-default\"><u>INGENIERIA DE AUTOMATIZACI\u00d3N Y CONTROL DE PROCESOS<\/u><\/h2>\t\t<\/div>\n\t\t\t\t<\/div>\n\t\t\t\t<div class=\"elementor-element elementor-element-3fef595 elementor-widget elementor-widget-spacer\" data-id=\"3fef595\" data-element_type=\"widget\" data-widget_type=\"spacer.default\">\n\t\t\t\t<div class=\"elementor-widget-container\">\n\t\t\t\t\t<div class=\"elementor-spacer\">\n\t\t\t<div class=\"elementor-spacer-inner\"><\/div>\n\t\t<\/div>\n\t\t\t\t<\/div>\n\t\t\t\t<\/div>\n\t\t\t\t\t\t<\/div>\n\t\t\t\t\t<\/div>\n\t\t<\/div>\n\t\t\t\t\t\t\t\t<\/div>\n\t\t\t\t\t<\/div>\n\t\t<\/section>\n\t\t\t\t<section class=\"elementor-section elementor-top-section elementor-element elementor-element-5f1e7d5 elementor-section-boxed elementor-section-height-default elementor-section-height-default\" data-id=\"5f1e7d5\" data-element_type=\"section\">\n\t\t\t\t\t\t<div class=\"elementor-container elementor-column-gap-default\">\n\t\t\t\t\t\t\t<div class=\"elementor-row\">\n\t\t\t\t\t<div class=\"elementor-column elementor-col-100 elementor-top-column elementor-element elementor-element-ecf047d\" data-id=\"ecf047d\" data-element_type=\"column\">\n\t\t\t<div class=\"elementor-column-wrap elementor-element-populated\">\n\t\t\t\t\t\t\t<div class=\"elementor-widget-wrap\">\n\t\t\t\t\t\t<div class=\"elementor-element elementor-element-4f656e3 elementor-widget__width-initial elementor-widget elementor-widget-image\" data-id=\"4f656e3\" data-element_type=\"widget\" data-widget_type=\"image.default\">\n\t\t\t\t<div class=\"elementor-widget-container\">\n\t\t\t\t\t\t\t\t<div class=\"elementor-image\">\n\t\t\t\t\t\t\t\t\t\t\t\t<img loading=\"lazy\" decoding=\"async\" width=\"500\" height=\"282\" src=\"https:\/\/mewor.com.ar\/wp-content\/uploads\/2020\/12\/c__data_users_defapps_appdata_internetexplorer_temp_sav-500x500-2.jpg\" class=\"attachment-large size-large\" alt=\"\" srcset=\"https:\/\/mewor.com.ar\/wp-content\/uploads\/2020\/12\/c__data_users_defapps_appdata_internetexplorer_temp_sav-500x500-2.jpg 500w, https:\/\/mewor.com.ar\/wp-content\/uploads\/2020\/12\/c__data_users_defapps_appdata_internetexplorer_temp_sav-500x500-2-300x169.jpg 300w\" sizes=\"(max-width: 500px) 100vw, 500px\" \/>\t\t\t\t\t\t\t\t\t\t\t\t\t\t<\/div>\n\t\t\t\t\t\t<\/div>\n\t\t\t\t<\/div>\n\t\t\t\t<div class=\"elementor-element elementor-element-f136cb7 elementor-widget__width-initial elementor-widget elementor-widget-image\" data-id=\"f136cb7\" data-element_type=\"widget\" data-widget_type=\"image.default\">\n\t\t\t\t<div class=\"elementor-widget-container\">\n\t\t\t\t\t\t\t\t<div class=\"elementor-image\">\n\t\t\t\t\t\t\t\t\t\t\t\t<img loading=\"lazy\" decoding=\"async\" width=\"900\" height=\"601\" src=\"https:\/\/mewor.com.ar\/wp-content\/uploads\/2020\/12\/QSPEC-SOLUTIONS-Control-Room.png\" class=\"attachment-large size-large\" alt=\"\" srcset=\"https:\/\/mewor.com.ar\/wp-content\/uploads\/2020\/12\/QSPEC-SOLUTIONS-Control-Room.png 900w, https:\/\/mewor.com.ar\/wp-content\/uploads\/2020\/12\/QSPEC-SOLUTIONS-Control-Room-300x200.png 300w, https:\/\/mewor.com.ar\/wp-content\/uploads\/2020\/12\/QSPEC-SOLUTIONS-Control-Room-768x513.png 768w, https:\/\/mewor.com.ar\/wp-content\/uploads\/2020\/12\/QSPEC-SOLUTIONS-Control-Room-720x480.png 720w, https:\/\/mewor.com.ar\/wp-content\/uploads\/2020\/12\/QSPEC-SOLUTIONS-Control-Room-272x182.png 272w\" sizes=\"(max-width: 900px) 100vw, 900px\" \/>\t\t\t\t\t\t\t\t\t\t\t\t\t\t<\/div>\n\t\t\t\t\t\t<\/div>\n\t\t\t\t<\/div>\n\t\t\t\t<div class=\"elementor-element elementor-element-7d68239 elementor-widget__width-initial elementor-widget elementor-widget-image\" data-id=\"7d68239\" data-element_type=\"widget\" data-widget_type=\"image.default\">\n\t\t\t\t<div class=\"elementor-widget-container\">\n\t\t\t\t\t\t\t\t<div class=\"elementor-image\">\n\t\t\t\t\t\t\t\t\t\t\t\t<img loading=\"lazy\" decoding=\"async\" width=\"300\" height=\"225\" src=\"https:\/\/mewor.com.ar\/wp-content\/uploads\/2020\/02\/SISTEMAS-DE-AUTOMATIZACI\u00d3N-Y-CONTROL-EDITADO-300x225.jpg\" class=\"attachment-medium size-medium\" alt=\"\" srcset=\"https:\/\/mewor.com.ar\/wp-content\/uploads\/2020\/02\/SISTEMAS-DE-AUTOMATIZACI\u00d3N-Y-CONTROL-EDITADO-300x225.jpg 300w, https:\/\/mewor.com.ar\/wp-content\/uploads\/2020\/02\/SISTEMAS-DE-AUTOMATIZACI\u00d3N-Y-CONTROL-EDITADO-768x576.jpg 768w, https:\/\/mewor.com.ar\/wp-content\/uploads\/2020\/02\/SISTEMAS-DE-AUTOMATIZACI\u00d3N-Y-CONTROL-EDITADO-1024x768.jpg 1024w, https:\/\/mewor.com.ar\/wp-content\/uploads\/2020\/02\/SISTEMAS-DE-AUTOMATIZACI\u00d3N-Y-CONTROL-EDITADO.jpg 2048w\" sizes=\"(max-width: 300px) 100vw, 300px\" \/>\t\t\t\t\t\t\t\t\t\t\t\t\t\t<\/div>\n\t\t\t\t\t\t<\/div>\n\t\t\t\t<\/div>\n\t\t\t\t\t\t<\/div>\n\t\t\t\t\t<\/div>\n\t\t<\/div>\n\t\t\t\t\t\t\t\t<\/div>\n\t\t\t\t\t<\/div>\n\t\t<\/section>\n\t\t\t\t<section class=\"elementor-section elementor-top-section elementor-element elementor-element-d181726 elementor-section-boxed elementor-section-height-default elementor-section-height-default\" data-id=\"d181726\" data-element_type=\"section\">\n\t\t\t\t\t\t<div class=\"elementor-container elementor-column-gap-default\">\n\t\t\t\t\t\t\t<div class=\"elementor-row\">\n\t\t\t\t\t<div class=\"elementor-column elementor-col-100 elementor-top-column elementor-element elementor-element-3d125a8\" data-id=\"3d125a8\" data-element_type=\"column\">\n\t\t\t<div class=\"elementor-column-wrap elementor-element-populated\">\n\t\t\t\t\t\t\t<div class=\"elementor-widget-wrap\">\n\t\t\t\t\t\t<div class=\"elementor-element elementor-element-342013b elementor-widget__width-initial elementor-widget elementor-widget-text-editor\" data-id=\"342013b\" data-element_type=\"widget\" data-widget_type=\"text-editor.default\">\n\t\t\t\t<div class=\"elementor-widget-container\">\n\t\t\t\t\t\t\t\t<div class=\"elementor-text-editor elementor-clearfix\">\n\t\t\t\t<p style=\"text-align: center;\">Comprende el estudio y relevamiento de procesos industriales o sistemas de control pre-existentes. Estudio de factibilidad. Desarrollo de documento de ingenier\u00eda. Calibraci\u00f3n y puesta en servicio de instrumentaci\u00f3n de campo. Programaci\u00f3n de automatismos e interfases gr\u00e1ficas. Dise\u00f1o de estrategias de control, propuestas de mejoras en actualizaciones, programaci\u00f3n de controladores e interfaces de sistemas SCADA.\u00a0\u00a0<\/p>\t\t\t\t\t<\/div>\n\t\t\t\t\t\t<\/div>\n\t\t\t\t<\/div>\n\t\t\t\t\t\t<\/div>\n\t\t\t\t\t<\/div>\n\t\t<\/div>\n\t\t\t\t\t\t\t\t<\/div>\n\t\t\t\t\t<\/div>\n\t\t<\/section>\n\t\t\t\t\t\t\t\t\t<\/div>\n\t\t\t<\/div>\n\t\t\t\t\t<\/div>\n\t\t","protected":false},"excerpt":{"rendered":"<p>INGENIERIA DE AUTOMATIZACI\u00d3N Y CONTROL DE PROCESOS Comprende el estudio y relevamiento de procesos industriales o sistemas de control pre-existentes. Estudio de factibilidad. Desarrollo de documento de ingenier\u00eda. Calibraci\u00f3n y puesta en servicio de instrumentaci\u00f3n de campo. Programaci\u00f3n de automatismos e interfases gr\u00e1ficas. Dise\u00f1o de estrategias de control, propuestas de mejoras en actualizaciones, programaci\u00f3n de&hellip;<\/p>\n","protected":false},"author":1,"featured_media":786,"parent":519,"menu_order":4,"comment_status":"closed","ping_status":"closed","template":"","meta":{"footnotes":""},"_links":{"self":[{"href":"https:\/\/mewor.com.ar\/es\/wp-json\/wp\/v2\/pages\/694"}],"collection":[{"href":"https:\/\/mewor.com.ar\/es\/wp-json\/wp\/v2\/pages"}],"about":[{"href":"https:\/\/mewor.com.ar\/es\/wp-json\/wp\/v2\/types\/page"}],"author":[{"embeddable":true,"href":"https:\/\/mewor.com.ar\/es\/wp-json\/wp\/v2\/users\/1"}],"replies":[{"embeddable":true,"href":"https:\/\/mewor.com.ar\/es\/wp-json\/wp\/v2\/comments?post=694"}],"version-history":[{"count":29,"href":"https:\/\/mewor.com.ar\/es\/wp-json\/wp\/v2\/pages\/694\/revisions"}],"predecessor-version":[{"id":2154,"href":"https:\/\/mewor.com.ar\/es\/wp-json\/wp\/v2\/pages\/694\/revisions\/2154"}],"up":[{"embeddable":true,"href":"https:\/\/mewor.com.ar\/es\/wp-json\/wp\/v2\/pages\/519"}],"wp:featuredmedia":[{"embeddable":true,"href":"https:\/\/mewor.com.ar\/es\/wp-json\/wp\/v2\/media\/786"}],"wp:attachment":[{"href":"https:\/\/mewor.com.ar\/es\/wp-json\/wp\/v2\/media?parent=694"}],"curies":[{"name":"wp","href":"https:\/\/api.w.org\/{rel}","templated":true}]}}